{"id":369,"date":"2025-11-04T12:38:14","date_gmt":"2025-11-04T12:38:14","guid":{"rendered":"https:\/\/viajesinterrail.railgoexperience.com\/?page_id=369"},"modified":"2025-11-04T12:38:14","modified_gmt":"2025-11-04T12:38:14","slug":"aviso-legal","status":"publish","type":"page","link":"https:\/\/viajesinterrail.railgoexperience.com\/?page_id=369","title":{"rendered":"Aviso Legal"},"content":{"rendered":"\n<h2 class=\"wp-block-heading\">1. OBJETO<\/h2>\n\n\n\n<p>El presente aviso legal regula el uso y utilizaci\u00f3n del sitio web www.railgoexperience.com, del que es titular VB Global Group S.L, en adelante VB Global Group S.L.<\/p>\n\n\n\n<p>La navegaci\u00f3n por el sitio web de VB Global Group S.L le atribuye la condici\u00f3n de USUARIO de este y conlleva su aceptaci\u00f3n plena y sin reservas de todas y cada una de las condiciones publicadas en este aviso legal, advirtiendo de que dichas condiciones podr\u00e1n ser modificadas sin notificaci\u00f3n previa por parte de VB Global Group S.L, en cuyo caso se proceder\u00e1 a su publicaci\u00f3n y aviso con la m\u00e1xima antelaci\u00f3n posible.<\/p>\n\n\n\n<p>Por ello es recomendable leer atentamente su contenido en caso de desear acceder y hacer uso de la informaci\u00f3n y de los servicios ofrecidos desde este sitio web.<\/p>\n\n\n\n<p>El usuario adem\u00e1s se obliga a hacer un uso correcto del sitio web de conformidad con las leyes, la buena fe, el orden p\u00fablico, los usos del tr\u00e1fico y el presente Aviso Legal, y responder\u00e1 frente a VB Global Group S.L o frente a terceros, de cualesquiera da\u00f1os y perjuicios que pudieran causarse como consecuencia del incumplimiento de dicha obligaci\u00f3n.<\/p>\n\n\n\n<p>Cualquier utilizaci\u00f3n distinta a la autorizada est\u00e1 expresamente prohibida, pudiendo VB Global Group S.L denegar o retirar el acceso y su uso en cualquier momento.<\/p>\n\n\n\n<h2 class=\"wp-block-heading\">2. IDENTIFICACI\u00d3N<\/h2>\n\n\n\n<p>En cumplimiento del art\u00edculo 10 de la Ley 34\/2002, de 11 de julio, de Servicios de la Sociedad de la Informaci\u00f3n y Comercio Electr\u00f3nico (LSSICE) y la Ley Org\u00e1nica 3\/2018, de 5 de diciembre, de Protecci\u00f3n de Datos Personales y garant\u00eda de los derechos digitales y su Reglamento de desarrollo (RGPD) (UE) 2016\/679 a continuaci\u00f3n se detallan los datos identificativos de la empresa:<\/p>\n\n\n\n<ul class=\"wp-block-list\">\n<li>Denominaci\u00f3n social:\u00a0<strong>VB Global Group S.L<\/strong><\/li>\n\n\n\n<li>Nombre comercial:\u00a0<strong>VB Global Group S.L<\/strong><\/li>\n\n\n\n<li>Direcci\u00f3n postal:\u00a0<strong>Calle del Pr\u00edncipe de Vergara 227, 28016 Madrid<\/strong><\/li>\n\n\n\n<li>Tel\u00e9fono:\u00a0<strong>621 194 792<\/strong><\/li>\n\n\n\n<li>Correo electr\u00f3nico:\u00a0<strong>go@railgo.travel<\/strong><\/li>\n<\/ul>\n\n\n\n<h2 class=\"wp-block-heading\">3. COMUNICACIONES<\/h2>\n\n\n\n<p>Para comunicarse con nosotros, ponemos a su disposici\u00f3n diferentes medios de contacto que detallamos a continuaci\u00f3n:<br>Tel\u00e9fono:&nbsp;<strong>621 194 792<\/strong><br>Email:&nbsp;<strong>go@railgo.travel<\/strong><br>Direcci\u00f3n postal:&nbsp;<strong>Calle del Pr\u00edncipe de Vergara 227, 28016 Madrid<\/strong><\/p>\n\n\n\n<h2 class=\"wp-block-heading\">4. FINALIDAD DE LA P\u00c1GINA WEB<\/h2>\n\n\n\n<p>Dar a conocer a los usuarios nuestros servicios, trayectoria profesional y el mantenimiento de la relaci\u00f3n comercial y el desempe\u00f1o de tareas de informaci\u00f3n, formaci\u00f3n, asesoramiento y otras actividades propias de VB Global Group S.L.<\/p>\n\n\n\n<h2 class=\"wp-block-heading\">5. CONDICIONES DE ACCESO Y UTILIZACI\u00d3N<\/h2>\n\n\n\n<p>El sitio web y sus servicios son de acceso libre y gratuito. No obstante, VB Global Group S.L puede condicionar la utilizaci\u00f3n de algunos de los servicios ofrecidos en su web a la previa cumplimentaci\u00f3n del correspondiente formulario.<\/p>\n\n\n\n<p>El usuario garantiza la autenticidad y actualidad de todos aquellos datos que comunique a VB Global Group S.L y ser\u00e1 el \u00fanico responsable de las manifestaciones falsas o inexactas que realice.<\/p>\n\n\n\n<p>El usuario se compromete expresamente a hacer un uso adecuado de los contenidos y servicios de VB Global Group S.L y a no emplearlos para, entre otros:<\/p>\n\n\n\n<ul class=\"wp-block-list\">\n<li>Difundir contenidos delictivos, violentos, pornogr\u00e1ficos, racistas, xen\u00f3fobos, ofensivos, de apolog\u00eda del terrorismo o contrarios a la ley o al orden p\u00fablico.<\/li>\n\n\n\n<li>Introducir virus inform\u00e1ticos o realizar actuaciones que alteren o da\u00f1en los sistemas de VB Global Group S.L o de terceros.<\/li>\n\n\n\n<li>Intentar acceder a cuentas de correo electr\u00f3nico de otros usuarios o \u00e1reas restringidas de sistemas inform\u00e1ticos.<\/li>\n\n\n\n<li>Vulnerar los derechos de propiedad intelectual o industrial, as\u00ed como la confidencialidad de la informaci\u00f3n de VB Global Group S.L o de terceros.<\/li>\n\n\n\n<li>Suplantar la identidad de cualquier usuario.<\/li>\n\n\n\n<li>Reproducir, copiar, distribuir o comunicar p\u00fablicamente contenidos sin autorizaci\u00f3n.<\/li>\n\n\n\n<li>Recabar datos con finalidad publicitaria o enviar comunicaciones comerciales sin consentimiento.<\/li>\n<\/ul>\n\n\n\n<p>Todos los contenidos del portal, incluyendo textos, fotograf\u00edas, gr\u00e1ficos, software, enlaces o contenidos audiovisuales, constituyen una obra propiedad de VB Global Group S.L, sin que se cedan derechos de explotaci\u00f3n m\u00e1s all\u00e1 de lo necesario para el uso correcto de la web.<\/p>\n\n\n\n<p>Las marcas, nombres comerciales o signos distintivos utilizados o mencionados en el portal son titularidad de VB Global Group S.L. El establecimiento de hiperenlaces no implica relaci\u00f3n ni aprobaci\u00f3n de contenidos o servicios por parte de VB Global Group S.L.<\/p>\n\n\n\n<h3 class=\"wp-block-heading\">5.1 EXCLUSI\u00d3N DE GARANT\u00cdAS Y RESPONSABILIDAD<\/h3>\n\n\n\n<p>VB Global Group S.L excluye, hasta donde permite el ordenamiento jur\u00eddico, cualquier responsabilidad por da\u00f1os derivados de:<br>Imposibilidad de acceso al sitio web o falta de veracidad, exactitud, exhaustividad o actualidad de los contenidos.<br>Presencia de virus u otros elementos que puedan producir alteraciones en sistemas, documentos o datos.<br>Incumplimiento de leyes, buena fe, orden p\u00fablico y el presente aviso legal.<br>No nos responsabilizamos del funcionamiento o accesibilidad de sitios enlazados ni de hiperv\u00ednculos establecidos por terceros.<\/p>\n\n\n\n<h3 class=\"wp-block-heading\">5.2 PROCEDIMIENTO EN CASO DE ACTIVIDADES IL\u00cdCITAS<\/h3>\n\n\n\n<p>Cualquier usuario que detecte hechos il\u00edcitos deber\u00e1 enviar una notificaci\u00f3n a VB Global Group S.L identific\u00e1ndose y especificando las supuestas infracciones.<\/p>\n\n\n\n<h2 class=\"wp-block-heading\">6. USO DE COOKIES Y DEL FICHERO DE ACTIVIDAD<\/h2>\n\n\n\n<p>El prestador, por su cuenta o la de un tercero, puede utilizar cookies para registrar la actividad del usuario de manera an\u00f3nima, medir audiencia, controlar progreso y optimizar la navegaci\u00f3n.<\/p>\n\n\n\n<p>El usuario puede configurar su navegador para impedir la instalaci\u00f3n de cookies.<\/p>\n\n\n\n<p>Enlaces para gesti\u00f3n de cookies por navegador:<br><strong>Firefox<\/strong><br><a href=\"https:\/\/support.mozilla.org\/es\/kb\/habilitar-y-deshabilitar-cookies-que-los-sitios-we\">https:\/\/support.mozilla.org\/es\/kb\/habilitar-y-deshabilitar-cookies-que-los-sitios-we<\/a><br><strong>Chrome<\/strong><br><a href=\"http:\/\/support.google.com\/chrome\/bin\/answer.py?hl=es&amp;answer=95647\">http:\/\/support.google.com\/chrome\/bin\/answer.py?hl=es&amp;answer=95647<\/a><br><strong>Internet Explorer<\/strong><br><a href=\"http:\/\/windows.microsoft.com\/es-es\/windows7\/how-to-manage-cookies-in-internet-explorer-9\">http:\/\/windows.microsoft.com\/es-es\/windows7\/how-to-manage-cookies-in-internet-explorer-9<\/a><br><strong>Safari<\/strong><br><a href=\"http:\/\/support.apple.com\/kb\/ph5042\">http:\/\/support.apple.com\/kb\/ph5042<\/a><br><strong>Opera<\/strong><br><a href=\"http:\/\/help.opera.com\/Windows\/11.50\/es-ES\/cookies.html\">http:\/\/help.opera.com\/Windows\/11.50\/es-ES\/cookies.html<\/a><\/p>\n\n\n\n<h2 class=\"wp-block-heading\">7. DIRECCIONES IP<\/h2>\n\n\n\n<p>Los servidores podr\u00e1n detectar autom\u00e1ticamente la direcci\u00f3n IP y nombre de dominio del usuario, registr\u00e1ndose en un fichero de actividad del servidor para estad\u00edsticas sobre visitas y uso del sitio web.<\/p>\n\n\n\n<h2 class=\"wp-block-heading\">8. SEGURIDAD<\/h2>\n\n\n\n<p>El sitio web utiliza t\u00e9cnicas de seguridad, como firewalls, control de acceso y mecanismos criptogr\u00e1ficos, para evitar accesos no autorizados a los datos. El usuario acepta que el prestador obtenga datos para la autenticaci\u00f3n correspondiente.<\/p>\n","protected":false},"excerpt":{"rendered":"<p>1. OBJETO El presente aviso legal regula el uso y utilizaci\u00f3n del sitio web www.railgoexperience.com, del que es titular VB Global Group S.L, en adelante VB Global Group S.L. La navegaci\u00f3n por el sitio web de VB Global Group S.L le atribuye la condici\u00f3n de USUARIO de este y conlleva su aceptaci\u00f3n plena y sin [&hellip;]<\/p>\n","protected":false},"author":1,"featured_media":0,"parent":0,"menu_order":0,"comment_status":"closed","ping_status":"closed","template":"","meta":{"footnotes":""},"class_list":["post-369","page","type-page","status-publish","hentry"],"yoast_head":"<!-- This site is optimized with the Yoast SEO plugin v27.4 - https:\/\/yoast.com\/product\/yoast-seo-wordpress\/ -->\n<title>Aviso Legal - Railgo<\/title>\n<meta name=\"robots\" content=\"index, follow, max-snippet:-1, max-image-preview:large, max-video-preview:-1\" \/>\n<link rel=\"canonical\" href=\"https:\/\/viajesinterrail.railgoexperience.com\/?page_id=369\" \/>\n<meta property=\"og:locale\" content=\"es_ES\" \/>\n<meta property=\"og:type\" content=\"article\" \/>\n<meta property=\"og:title\" content=\"Aviso Legal - Railgo\" \/>\n<meta property=\"og:description\" content=\"1. OBJETO El presente aviso legal regula el uso y utilizaci\u00f3n del sitio web www.railgoexperience.com, del que es titular VB Global Group S.L, en adelante VB Global Group S.L. La navegaci\u00f3n por el sitio web de VB Global Group S.L le atribuye la condici\u00f3n de USUARIO de este y conlleva su aceptaci\u00f3n plena y sin [&hellip;]\" \/>\n<meta property=\"og:url\" content=\"https:\/\/viajesinterrail.railgoexperience.com\/?page_id=369\" \/>\n<meta property=\"og:site_name\" content=\"Railgo\" \/>\n<meta property=\"og:image\" content=\"https:\/\/viajesinterrail.railgoexperience.com\/wp-content\/uploads\/2025\/11\/Logo-railgo.png\" \/>\n\t<meta property=\"og:image:width\" content=\"415\" \/>\n\t<meta property=\"og:image:height\" content=\"415\" \/>\n\t<meta property=\"og:image:type\" content=\"image\/png\" \/>\n<meta name=\"twitter:card\" content=\"summary_large_image\" \/>\n<meta name=\"twitter:label1\" content=\"Tiempo de lectura\" \/>\n\t<meta name=\"twitter:data1\" content=\"5 minutos\" \/>\n<script type=\"application\/ld+json\" class=\"yoast-schema-graph\">{\"@context\":\"https:\\\/\\\/schema.org\",\"@graph\":[{\"@type\":\"WebPage\",\"@id\":\"https:\\\/\\\/viajesinterrail.railgoexperience.com\\\/?page_id=369\",\"url\":\"https:\\\/\\\/viajesinterrail.railgoexperience.com\\\/?page_id=369\",\"name\":\"Aviso Legal - Railgo\",\"isPartOf\":{\"@id\":\"https:\\\/\\\/viajesinterrail.railgoexperience.com\\\/#website\"},\"datePublished\":\"2025-11-04T12:38:14+00:00\",\"breadcrumb\":{\"@id\":\"https:\\\/\\\/viajesinterrail.railgoexperience.com\\\/?page_id=369#breadcrumb\"},\"inLanguage\":\"es\",\"potentialAction\":[{\"@type\":\"ReadAction\",\"target\":[\"https:\\\/\\\/viajesinterrail.railgoexperience.com\\\/?page_id=369\"]}]},{\"@type\":\"BreadcrumbList\",\"@id\":\"https:\\\/\\\/viajesinterrail.railgoexperience.com\\\/?page_id=369#breadcrumb\",\"itemListElement\":[{\"@type\":\"ListItem\",\"position\":1,\"name\":\"Portada\",\"item\":\"https:\\\/\\\/viajesinterrail.railgoexperience.com\\\/\"},{\"@type\":\"ListItem\",\"position\":2,\"name\":\"Aviso Legal\"}]},{\"@type\":\"WebSite\",\"@id\":\"https:\\\/\\\/viajesinterrail.railgoexperience.com\\\/#website\",\"url\":\"https:\\\/\\\/viajesinterrail.railgoexperience.com\\\/\",\"name\":\"Railgo\",\"description\":\"Rutas de interrail fin de curso\",\"publisher\":{\"@id\":\"https:\\\/\\\/viajesinterrail.railgoexperience.com\\\/#organization\"},\"alternateName\":\"Railgo\",\"potentialAction\":[{\"@type\":\"SearchAction\",\"target\":{\"@type\":\"EntryPoint\",\"urlTemplate\":\"https:\\\/\\\/viajesinterrail.railgoexperience.com\\\/?s={search_term_string}\"},\"query-input\":{\"@type\":\"PropertyValueSpecification\",\"valueRequired\":true,\"valueName\":\"search_term_string\"}}],\"inLanguage\":\"es\"},{\"@type\":\"Organization\",\"@id\":\"https:\\\/\\\/viajesinterrail.railgoexperience.com\\\/#organization\",\"name\":\"Railgo\",\"alternateName\":\"Railgo\",\"url\":\"https:\\\/\\\/viajesinterrail.railgoexperience.com\\\/\",\"logo\":{\"@type\":\"ImageObject\",\"inLanguage\":\"es\",\"@id\":\"https:\\\/\\\/viajesinterrail.railgoexperience.com\\\/#\\\/schema\\\/logo\\\/image\\\/\",\"url\":\"https:\\\/\\\/viajesinterrail.railgoexperience.com\\\/wp-content\\\/uploads\\\/2025\\\/11\\\/Logo-railgo.png\",\"contentUrl\":\"https:\\\/\\\/viajesinterrail.railgoexperience.com\\\/wp-content\\\/uploads\\\/2025\\\/11\\\/Logo-railgo.png\",\"width\":415,\"height\":415,\"caption\":\"Railgo\"},\"image\":{\"@id\":\"https:\\\/\\\/viajesinterrail.railgoexperience.com\\\/#\\\/schema\\\/logo\\\/image\\\/\"}}]}<\/script>\n<!-- \/ Yoast SEO plugin. -->","yoast_head_json":{"title":"Aviso Legal - Railgo","robots":{"index":"index","follow":"follow","max-snippet":"max-snippet:-1","max-image-preview":"max-image-preview:large","max-video-preview":"max-video-preview:-1"},"canonical":"https:\/\/viajesinterrail.railgoexperience.com\/?page_id=369","og_locale":"es_ES","og_type":"article","og_title":"Aviso Legal - Railgo","og_description":"1. OBJETO El presente aviso legal regula el uso y utilizaci\u00f3n del sitio web www.railgoexperience.com, del que es titular VB Global Group S.L, en adelante VB Global Group S.L. La navegaci\u00f3n por el sitio web de VB Global Group S.L le atribuye la condici\u00f3n de USUARIO de este y conlleva su aceptaci\u00f3n plena y sin [&hellip;]","og_url":"https:\/\/viajesinterrail.railgoexperience.com\/?page_id=369","og_site_name":"Railgo","og_image":[{"width":415,"height":415,"url":"https:\/\/viajesinterrail.railgoexperience.com\/wp-content\/uploads\/2025\/11\/Logo-railgo.png","type":"image\/png"}],"twitter_card":"summary_large_image","twitter_misc":{"Tiempo de lectura":"5 minutos"},"schema":{"@context":"https:\/\/schema.org","@graph":[{"@type":"WebPage","@id":"https:\/\/viajesinterrail.railgoexperience.com\/?page_id=369","url":"https:\/\/viajesinterrail.railgoexperience.com\/?page_id=369","name":"Aviso Legal - Railgo","isPartOf":{"@id":"https:\/\/viajesinterrail.railgoexperience.com\/#website"},"datePublished":"2025-11-04T12:38:14+00:00","breadcrumb":{"@id":"https:\/\/viajesinterrail.railgoexperience.com\/?page_id=369#breadcrumb"},"inLanguage":"es","potentialAction":[{"@type":"ReadAction","target":["https:\/\/viajesinterrail.railgoexperience.com\/?page_id=369"]}]},{"@type":"BreadcrumbList","@id":"https:\/\/viajesinterrail.railgoexperience.com\/?page_id=369#breadcrumb","itemListElement":[{"@type":"ListItem","position":1,"name":"Portada","item":"https:\/\/viajesinterrail.railgoexperience.com\/"},{"@type":"ListItem","position":2,"name":"Aviso Legal"}]},{"@type":"WebSite","@id":"https:\/\/viajesinterrail.railgoexperience.com\/#website","url":"https:\/\/viajesinterrail.railgoexperience.com\/","name":"Railgo","description":"Rutas de interrail fin de curso","publisher":{"@id":"https:\/\/viajesinterrail.railgoexperience.com\/#organization"},"alternateName":"Railgo","potentialAction":[{"@type":"SearchAction","target":{"@type":"EntryPoint","urlTemplate":"https:\/\/viajesinterrail.railgoexperience.com\/?s={search_term_string}"},"query-input":{"@type":"PropertyValueSpecification","valueRequired":true,"valueName":"search_term_string"}}],"inLanguage":"es"},{"@type":"Organization","@id":"https:\/\/viajesinterrail.railgoexperience.com\/#organization","name":"Railgo","alternateName":"Railgo","url":"https:\/\/viajesinterrail.railgoexperience.com\/","logo":{"@type":"ImageObject","inLanguage":"es","@id":"https:\/\/viajesinterrail.railgoexperience.com\/#\/schema\/logo\/image\/","url":"https:\/\/viajesinterrail.railgoexperience.com\/wp-content\/uploads\/2025\/11\/Logo-railgo.png","contentUrl":"https:\/\/viajesinterrail.railgoexperience.com\/wp-content\/uploads\/2025\/11\/Logo-railgo.png","width":415,"height":415,"caption":"Railgo"},"image":{"@id":"https:\/\/viajesinterrail.railgoexperience.com\/#\/schema\/logo\/image\/"}}]}},"_links":{"self":[{"href":"https:\/\/viajesinterrail.railgoexperience.com\/index.php?rest_route=\/wp\/v2\/pages\/369","targetHints":{"allow":["GET"]}}],"collection":[{"href":"https:\/\/viajesinterrail.railgoexperience.com\/index.php?rest_route=\/wp\/v2\/pages"}],"about":[{"href":"https:\/\/viajesinterrail.railgoexperience.com\/index.php?rest_route=\/wp\/v2\/types\/page"}],"author":[{"embeddable":true,"href":"https:\/\/viajesinterrail.railgoexperience.com\/index.php?rest_route=\/wp\/v2\/users\/1"}],"replies":[{"embeddable":true,"href":"https:\/\/viajesinterrail.railgoexperience.com\/index.php?rest_route=%2Fwp%2Fv2%2Fcomments&post=369"}],"version-history":[{"count":1,"href":"https:\/\/viajesinterrail.railgoexperience.com\/index.php?rest_route=\/wp\/v2\/pages\/369\/revisions"}],"predecessor-version":[{"id":370,"href":"https:\/\/viajesinterrail.railgoexperience.com\/index.php?rest_route=\/wp\/v2\/pages\/369\/revisions\/370"}],"wp:attachment":[{"href":"https:\/\/viajesinterrail.railgoexperience.com\/index.php?rest_route=%2Fwp%2Fv2%2Fmedia&parent=369"}],"curies":[{"name":"wp","href":"https:\/\/api.w.org\/{rel}","templated":true}]}}